{"id":1390,"date":"2018-10-12T09:41:57","date_gmt":"2018-10-12T09:41:57","guid":{"rendered":"https:\/\/keiler.fr\/domaine-bois-de-la-gineste\/"},"modified":"2018-12-19T00:16:24","modified_gmt":"2018-12-18T22:16:24","slug":"domaine-bois-de-la-gineste","status":"publish","type":"page","link":"https:\/\/keiler.fr\/da\/","title":{"rendered":"Jagt p\u00e5 vildsvin, kronvildt og d\u00e5vildt tilbydes i Frankrig hos Domaine Bois de la Gineste"},"content":{"rendered":"\n<p><strong>Jagt p\u00e5 store keilere samt jagt p\u00e5 \u00fbberlaufere.<\/strong><\/p>\n\n\n\n<p>Domaine Bois de la Gineste tilbyder helt enest\u00e5ende muligheder for at nedl\u00e6gge store keilere. Der nedl\u00e6gges hvert \u00e5r adskillige medaljetrof\u00e6er \u2013 b\u00e5de guld, s\u00f8lv og bronzetrof\u00e6er.<\/p>\n\n\n\n<p>Domaine Bois de la Gineste arrangerer ogs\u00e5 jagter, hvor der fokuseres p\u00e5 at nedl\u00e6gge et st\u00f8rre eller mindre antal unggrise (\u00fbberlaufere).<\/p>\n\n\n\n<p>Jagt p\u00e5 keilere og \u00fbberlaufere kan naturligvis kombineres.<\/p>\n\n\n\n<figure class=\"wp-block-image\"><img fetchpriority=\"high\" decoding=\"async\" width=\"800\" height=\"533\" src=\"https:\/\/keiler.fr\/wp-content\/uploads\/2018\/11\/8-jens-with-the-large-keiler-800x533.jpg\" alt=\"Ungj\u00e6ger med guldmedalje keiler (26,5 cm t\u00e6nder)\" class=\"wp-image-453\" srcset=\"https:\/\/keiler.fr\/wp-content\/uploads\/2018\/11\/8-jens-with-the-large-keiler-800x533.jpg 800w, https:\/\/keiler.fr\/wp-content\/uploads\/2018\/11\/8-jens-with-the-large-keiler-300x200.jpg 300w, https:\/\/keiler.fr\/wp-content\/uploads\/2018\/11\/8-jens-with-the-large-keiler-768x512.jpg 768w, https:\/\/keiler.fr\/wp-content\/uploads\/2018\/11\/8-jens-with-the-large-keiler-600x400.jpg 600w, https:\/\/keiler.fr\/wp-content\/uploads\/2018\/11\/8-jens-with-the-large-keiler-150x100.jpg 150w, https:\/\/keiler.fr\/wp-content\/uploads\/2018\/11\/8-jens-with-the-large-keiler-230x153.jpg 230w, https:\/\/keiler.fr\/wp-content\/uploads\/2018\/11\/8-jens-with-the-large-keiler.jpg 1200w\" sizes=\"(max-width: 800px) 100vw, 800px\" \/><figcaption>Ungj\u00e6ger med guldmedalje keiler (26,5 cm t\u00e6nder)<\/figcaption><\/figure>\n\n\n\n<figure class=\"wp-block-image\"><img decoding=\"async\" width=\"800\" height=\"533\" src=\"https:\/\/keiler.fr\/wp-content\/uploads\/2018\/11\/3-parade-with-johannes-800x533.jpg\" alt=\"Typisk parade for en aftenjagt for en gruppe af j\u00e6gere\" class=\"wp-image-440\" srcset=\"https:\/\/keiler.fr\/wp-content\/uploads\/2018\/11\/3-parade-with-johannes-800x533.jpg 800w, https:\/\/keiler.fr\/wp-content\/uploads\/2018\/11\/3-parade-with-johannes-300x200.jpg 300w, https:\/\/keiler.fr\/wp-content\/uploads\/2018\/11\/3-parade-with-johannes-768x512.jpg 768w, https:\/\/keiler.fr\/wp-content\/uploads\/2018\/11\/3-parade-with-johannes-600x400.jpg 600w, https:\/\/keiler.fr\/wp-content\/uploads\/2018\/11\/3-parade-with-johannes-150x100.jpg 150w, https:\/\/keiler.fr\/wp-content\/uploads\/2018\/11\/3-parade-with-johannes-230x153.jpg 230w, https:\/\/keiler.fr\/wp-content\/uploads\/2018\/11\/3-parade-with-johannes.jpg 1200w\" sizes=\"(max-width: 800px) 100vw, 800px\" \/><figcaption>Typisk parade for en aftenjagt for en gruppe af j\u00e6gere<\/figcaption><\/figure>\n\n\n\n<h2 class=\"wp-block-heading\"><strong>Trof\u00e6jagt p\u00e5 kronvildt og d\u00e5vildt<\/strong><\/h2>\n\n\n\n<p>Domaine Bois de la Gineste tilbyder ogs\u00e5 enest\u00e5ende muligheder for at nedl\u00e6gge store kronvildt og d\u00e5vildt trof\u00e6er. Der skydes hvert \u00e5r trof\u00e6er i medaljeklassen \u2013 herunder guldmedaljer.<\/p>\n\n\n\n<figure class=\"wp-block-image\"><img decoding=\"async\" width=\"800\" height=\"533\" src=\"https:\/\/keiler.fr\/wp-content\/uploads\/2018\/12\/red-deer-stag-with-10-kg-antlers-800x533.jpg\" alt=\"Red deer stag with 10+ kg antlers\" class=\"wp-image-1420\" srcset=\"https:\/\/keiler.fr\/wp-content\/uploads\/2018\/12\/red-deer-stag-with-10-kg-antlers-800x533.jpg 800w, https:\/\/keiler.fr\/wp-content\/uploads\/2018\/12\/red-deer-stag-with-10-kg-antlers-300x200.jpg 300w, https:\/\/keiler.fr\/wp-content\/uploads\/2018\/12\/red-deer-stag-with-10-kg-antlers-768x512.jpg 768w, https:\/\/keiler.fr\/wp-content\/uploads\/2018\/12\/red-deer-stag-with-10-kg-antlers-600x400.jpg 600w, https:\/\/keiler.fr\/wp-content\/uploads\/2018\/12\/red-deer-stag-with-10-kg-antlers.jpg 1200w\" sizes=\"(max-width: 800px) 100vw, 800px\" \/><figcaption>Kronhjort med 10+ kg trof\u00e6<\/figcaption><\/figure>\n\n\n\n<h2 class=\"wp-block-heading\"><strong>Buejagt<\/strong><\/h2>\n\n\n\n<p>Domaine Bois de la Gineste har et st\u00f8rre antal t\u00e5rne, hvorfra man med bue i skjult og i passende afstand (10-25m) kan afgive sikre og dr\u00e6bende skud til s\u00e5vel vildsvin, kronvildt og d\u00e5vildt. Biotopens beskaffenhed med t\u00e6tte stedsegr\u00f8nne ege g\u00f8r, at det ikke er vanskeligt at komme til skud &nbsp;p\u00e5 vildtet.<\/p>\n\n\n\n<figure class=\"wp-block-image\"><img loading=\"lazy\" decoding=\"async\" width=\"800\" height=\"533\" src=\"https:\/\/keiler.fr\/wp-content\/uploads\/2018\/11\/21-bow-hunter-with-wild-boar-800x533.jpg\" alt=\"Buej\u00e6ger p\u00e5 Domaine Bois de la Gineste \" class=\"wp-image-480\" srcset=\"https:\/\/keiler.fr\/wp-content\/uploads\/2018\/11\/21-bow-hunter-with-wild-boar-800x533.jpg 800w, https:\/\/keiler.fr\/wp-content\/uploads\/2018\/11\/21-bow-hunter-with-wild-boar-300x200.jpg 300w, https:\/\/keiler.fr\/wp-content\/uploads\/2018\/11\/21-bow-hunter-with-wild-boar-768x511.jpg 768w, https:\/\/keiler.fr\/wp-content\/uploads\/2018\/11\/21-bow-hunter-with-wild-boar-600x400.jpg 600w, https:\/\/keiler.fr\/wp-content\/uploads\/2018\/11\/21-bow-hunter-with-wild-boar-1198x799.jpg 1198w, https:\/\/keiler.fr\/wp-content\/uploads\/2018\/11\/21-bow-hunter-with-wild-boar-620x414.jpg 620w, https:\/\/keiler.fr\/wp-content\/uploads\/2018\/11\/21-bow-hunter-with-wild-boar-400x267.jpg 400w, https:\/\/keiler.fr\/wp-content\/uploads\/2018\/11\/21-bow-hunter-with-wild-boar-230x153.jpg 230w, https:\/\/keiler.fr\/wp-content\/uploads\/2018\/11\/21-bow-hunter-with-wild-boar.jpg 1200w\" sizes=\"(max-width: 800px) 100vw, 800px\" \/><figcaption>Buej\u00e6ger p\u00e5 Domaine Bois de la Gineste <\/figcaption><\/figure>\n\n\n\n<h2 class=\"wp-block-heading\"><strong>Jagttider samt jagten<\/strong><\/h2>\n\n\n\n<p>Der arrangeres jagter \u00e5ret rundt.<\/p>\n\n\n\n<p>Jagtomr\u00e5det er en typisk Middelhavsbiotop best\u00e5ende af stedsegr\u00f8nne egetr\u00e6er med mange sm\u00e5 lysninger og vandhuller. Terr\u00e6net er meget kuperet med klipper visse steder. Jagtomr\u00e5det er hegnet.<\/p>\n\n\n\n<p>Domaine Bois de la Gineste har en af Frankrigs t\u00e6tteste bestande af vildsvin samt en p\u00e6n bestand af kron- og d\u00e5hjorte.<\/p>\n\n\n\n<p>Jagten finder prim\u00e6rt sted som anstandsjagt fra t\u00e5rne ved solopgang og solnedgang samt ikke mindst ved fuldm\u00e5ne. Jagt ved fuldm\u00e5ne giver en ekstra dimension til jagten og er yderst popul\u00e6r blandt Domaine Bois de la Gineste\u2019s g\u00e6stej\u00e6gere.<\/p>\n\n\n\n<p>Domaine Bois de la Gineste tilbyder l\u00e5n af jagtrifler i kaliber 7 mm Rem Mag. med Zeiss sigtekikkerter med r\u00f8dpunktssigte. Det er s\u00e5ledes ikke n\u00f8dvendigt selv at medbringe sin riffel.<\/p>\n\n\n\n<h2 class=\"wp-block-heading\"><strong>Seminarer og m\u00f8der<\/strong><\/h2>\n\n\n\n<p>Mange af Domaine Bois de la Gineste\u2019s kunder er firmaer, som kombinerer jagt med afholdelse at et seminar eller forretningsm\u00f8der. Domaine Bois de la Gineste r\u00e5der over de n\u00f8dvendige faciliteter til underst\u00f8ttelse af s\u00e5danne aktiviteter.<\/p>\n\n\n\n<figure class=\"wp-block-image\"><img loading=\"lazy\" decoding=\"async\" width=\"800\" height=\"533\" src=\"https:\/\/keiler.fr\/wp-content\/uploads\/2018\/12\/business-seminars-and-meetings-at-domaine-bois-de-la-gineste-1-800x533.jpg\" alt=\"Seminarer og forretningsm\u00f8der ved Domaine Bois de la Gineste\" class=\"wp-image-1490\" srcset=\"https:\/\/keiler.fr\/wp-content\/uploads\/2018\/12\/business-seminars-and-meetings-at-domaine-bois-de-la-gineste-1-800x533.jpg 800w, https:\/\/keiler.fr\/wp-content\/uploads\/2018\/12\/business-seminars-and-meetings-at-domaine-bois-de-la-gineste-1-300x200.jpg 300w, https:\/\/keiler.fr\/wp-content\/uploads\/2018\/12\/business-seminars-and-meetings-at-domaine-bois-de-la-gineste-1-768x512.jpg 768w, https:\/\/keiler.fr\/wp-content\/uploads\/2018\/12\/business-seminars-and-meetings-at-domaine-bois-de-la-gineste-1-600x400.jpg 600w, https:\/\/keiler.fr\/wp-content\/uploads\/2018\/12\/business-seminars-and-meetings-at-domaine-bois-de-la-gineste-1.jpg 1200w\" sizes=\"(max-width: 800px) 100vw, 800px\" \/><figcaption>Seminarer og forretningsm\u00f8der ved Domaine Bois de la Gineste<\/figcaption><\/figure>\n\n\n\n<h2 class=\"wp-block-heading\"><strong>Om Domaine Bois de la Gineste<\/strong><\/h2>\n\n\n\n<p>Domaine Bois de la Gineste er placeret midt i det velkendte vindistrikt Saint Chinian i amtet H\u00e9rault i Sydfrankrig.<\/p>\n\n\n\n<p>Det ligger ca. 2 km fra Saint Chinian by. N\u00e6rmeste st\u00f8rre byer er Beziers (25 km) og Narbonne (25 km). <\/p>\n\n\n\n<p>Liggende i <a href=\"https:\/\/keiler.fr\/tourism-and-events\/languedoc\/\">Languedoc-Roussillion<\/a> regionen i Sydfrankrig kun 40 km fra Middelhavet med et fantastisk middelhavsklima i en enest\u00e5ende smuk natur med mange historiske turistattraktioner i n\u00e6rheden samt t\u00e6t ved Frankrigs bedste middelhavsstrande g\u00f8r det interessant at kombinere et jagtophold p\u00e5 Domaine Bois de la Gineste med ferieaktiviteter. <\/p>\n\n\n\n<p>Domaine Bois de la Gineste\u2019s hovedbygning ligger i udkanten af skoven h\u00f8jt over landsbyen Pierrerue med en flot udsigt over to dale med vinmarker \u2013 et godt eksempel p\u00e5 de landskaber, der kendetegner Languedoc omr\u00e5det. Domaine Bois de la Gineste har fire dobbelte g\u00e6stev\u00e6relser hver med eget toilet og bad.<\/p>\n\n\n\n<figure class=\"wp-block-image\"><img loading=\"lazy\" decoding=\"async\" width=\"800\" height=\"537\" src=\"https:\/\/keiler.fr\/wp-content\/uploads\/2018\/11\/accommodation-domaine-bois-de-la-gineste-welcome-800x537.jpg\" alt=\"Domaine Bois de la Gineste\u2019s hovedbygning \" class=\"wp-image-334\" srcset=\"https:\/\/keiler.fr\/wp-content\/uploads\/2018\/11\/accommodation-domaine-bois-de-la-gineste-welcome-800x537.jpg 800w, https:\/\/keiler.fr\/wp-content\/uploads\/2018\/11\/accommodation-domaine-bois-de-la-gineste-welcome-300x201.jpg 300w, https:\/\/keiler.fr\/wp-content\/uploads\/2018\/11\/accommodation-domaine-bois-de-la-gineste-welcome-768x515.jpg 768w, https:\/\/keiler.fr\/wp-content\/uploads\/2018\/11\/accommodation-domaine-bois-de-la-gineste-welcome.jpg 1024w\" sizes=\"(max-width: 800px) 100vw, 800px\" \/><figcaption>Domaine Bois de la Gineste\u2019s hovedbygning <\/figcaption><\/figure>\n\n\n\n<h2 class=\"wp-block-heading\"><strong>Gastronomisk k\u00f8kken<\/strong><\/h2>\n\n\n\n<p>P\u00e5 Domaine Bois de la Gineste serveres fransk gastronomisk mad tilberedt p\u00e5 stedet af den kendte franske kok Frederic Revilla. Til maden serveres uds\u00f8gte franske vine.<\/p>\n\n\n\n<figure class=\"wp-block-image\"><img loading=\"lazy\" decoding=\"async\" width=\"800\" height=\"533\" src=\"https:\/\/keiler.fr\/wp-content\/uploads\/2018\/12\/french-cuisine-at-domaine-bois-de-la-gineste-800x533.jpg\" alt=\"Middag fra det franske k\u00f8kken hos Domaine Bois de la Gineste\" class=\"wp-image-1492\" srcset=\"https:\/\/keiler.fr\/wp-content\/uploads\/2018\/12\/french-cuisine-at-domaine-bois-de-la-gineste-800x533.jpg 800w, https:\/\/keiler.fr\/wp-content\/uploads\/2018\/12\/french-cuisine-at-domaine-bois-de-la-gineste-300x200.jpg 300w, https:\/\/keiler.fr\/wp-content\/uploads\/2018\/12\/french-cuisine-at-domaine-bois-de-la-gineste-768x512.jpg 768w, https:\/\/keiler.fr\/wp-content\/uploads\/2018\/12\/french-cuisine-at-domaine-bois-de-la-gineste-600x400.jpg 600w, https:\/\/keiler.fr\/wp-content\/uploads\/2018\/12\/french-cuisine-at-domaine-bois-de-la-gineste.jpg 1200w\" sizes=\"(max-width: 800px) 100vw, 800px\" \/><figcaption>Middag fra det franske k\u00f8kken hos Domaine Bois de la Gineste<\/figcaption><\/figure>\n","protected":false},"excerpt":{"rendered":"<p>Jagt p\u00e5 store keilere samt jagt p\u00e5 \u00fbberlaufere. Domaine Bois de la Gineste tilbyder helt enest\u00e5ende muligheder for at nedl\u00e6gge store keilere. Der nedl\u00e6gges hvert \u00e5r adskillige medaljetrof\u00e6er \u2013 b\u00e5de guld, s\u00f8lv og bronzetrof\u00e6er. Domaine Bois de la Gineste arrangerer ogs\u00e5 jagter, hvor der fokuseres p\u00e5 at nedl\u00e6gge et st\u00f8rre eller mindre antal unggrise (\u00fbberlaufere). [&hellip;]<\/p>\n","protected":false},"author":2,"featured_media":1269,"parent":0,"menu_order":0,"comment_status":"closed","ping_status":"open","template":"","meta":{"_monsterinsights_skip_tracking":false,"_monsterinsights_sitenote_active":false,"_monsterinsights_sitenote_note":"","_monsterinsights_sitenote_category":0,"footnotes":""},"class_list":["post-1390","page","type-page","status-publish","has-post-thumbnail","hentry"],"yoast_head":"<!-- This site is optimized with the Yoast SEO plugin v27.3 - https:\/\/yoast.com\/product\/yoast-seo-wordpress\/ -->\n<title>Eksklusiv vildsvinejagt, kronvildt og d\u00e5vildt hos Domaine Bois de la Gineste<\/title>\n<meta name=\"description\" content=\"Domaine Bois de la Gineste tilbyder helt enest\u00e5ende muligheder for at nedl\u00e6gge store keilere. Der nedl\u00e6gges hvert \u00e5r adskillige medaljetrof\u00e6er \u2013 b\u00e5de guld, s\u00f8lv og bronzetrof\u00e6er.\" \/>\n<meta name=\"robots\" content=\"index, follow, max-snippet:-1, max-image-preview:large, max-video-preview:-1\" \/>\n<link rel=\"canonical\" href=\"https:\/\/keiler.fr\/da\/\" \/>\n<meta property=\"og:locale\" content=\"da_DK\" \/>\n<meta property=\"og:type\" content=\"article\" \/>\n<meta property=\"og:title\" content=\"Eksklusiv vildsvinejagt, kronvildt og d\u00e5vildt hos Domaine Bois de la Gineste\" \/>\n<meta property=\"og:description\" content=\"Domaine Bois de la Gineste tilbyder helt enest\u00e5ende muligheder for at nedl\u00e6gge store keilere. Der nedl\u00e6gges hvert \u00e5r adskillige medaljetrof\u00e6er \u2013 b\u00e5de guld, s\u00f8lv og bronzetrof\u00e6er.\" \/>\n<meta property=\"og:url\" content=\"https:\/\/keiler.fr\/da\/\" \/>\n<meta property=\"og:site_name\" content=\"Keiler.fr\" \/>\n<meta property=\"article:modified_time\" content=\"2018-12-18T22:16:24+00:00\" \/>\n<meta property=\"og:image\" content=\"https:\/\/keiler.fr\/wp-content\/uploads\/2018\/11\/exclusive-wild-boar-hunting-1.jpg\" \/>\n\t<meta property=\"og:image:width\" content=\"1200\" \/>\n\t<meta property=\"og:image:height\" content=\"800\" \/>\n\t<meta property=\"og:image:type\" content=\"image\/jpeg\" \/>\n<meta name=\"twitter:card\" content=\"summary_large_image\" \/>\n<meta name=\"twitter:label1\" content=\"Estimeret l\u00e6setid\" \/>\n\t<meta name=\"twitter:data1\" content=\"3 minutter\" \/>\n<script type=\"application\/ld+json\" class=\"yoast-schema-graph\">{\"@context\":\"https:\\\/\\\/schema.org\",\"@graph\":[{\"@type\":\"WebPage\",\"@id\":\"https:\\\/\\\/keiler.fr\\\/da\\\/\",\"url\":\"https:\\\/\\\/keiler.fr\\\/da\\\/\",\"name\":\"Eksklusiv vildsvinejagt, kronvildt og d\u00e5vildt hos Domaine Bois de la Gineste\",\"isPartOf\":{\"@id\":\"https:\\\/\\\/keiler.fr\\\/da\\\/#website\"},\"primaryImageOfPage\":{\"@id\":\"https:\\\/\\\/keiler.fr\\\/da\\\/#primaryimage\"},\"image\":{\"@id\":\"https:\\\/\\\/keiler.fr\\\/da\\\/#primaryimage\"},\"thumbnailUrl\":\"https:\\\/\\\/keiler.fr\\\/wp-content\\\/uploads\\\/2018\\\/11\\\/exclusive-wild-boar-hunting-1.jpg\",\"datePublished\":\"2018-10-12T09:41:57+00:00\",\"dateModified\":\"2018-12-18T22:16:24+00:00\",\"description\":\"Domaine Bois de la Gineste tilbyder helt enest\u00e5ende muligheder for at nedl\u00e6gge store keilere. Der nedl\u00e6gges hvert \u00e5r adskillige medaljetrof\u00e6er \u2013 b\u00e5de guld, s\u00f8lv og bronzetrof\u00e6er.\",\"breadcrumb\":{\"@id\":\"https:\\\/\\\/keiler.fr\\\/da\\\/#breadcrumb\"},\"inLanguage\":\"da-DK\",\"potentialAction\":[{\"@type\":\"ReadAction\",\"target\":[\"https:\\\/\\\/keiler.fr\\\/da\\\/\"]}]},{\"@type\":\"ImageObject\",\"inLanguage\":\"da-DK\",\"@id\":\"https:\\\/\\\/keiler.fr\\\/da\\\/#primaryimage\",\"url\":\"https:\\\/\\\/keiler.fr\\\/wp-content\\\/uploads\\\/2018\\\/11\\\/exclusive-wild-boar-hunting-1.jpg\",\"contentUrl\":\"https:\\\/\\\/keiler.fr\\\/wp-content\\\/uploads\\\/2018\\\/11\\\/exclusive-wild-boar-hunting-1.jpg\",\"width\":1200,\"height\":800,\"caption\":\"Exclusive wild boar, red stag and fallow dear stag hunting\"},{\"@type\":\"BreadcrumbList\",\"@id\":\"https:\\\/\\\/keiler.fr\\\/da\\\/#breadcrumb\",\"itemListElement\":[{\"@type\":\"ListItem\",\"position\":1,\"name\":\"Keiler.fr\",\"item\":\"https:\\\/\\\/keiler.fr\\\/da\\\/\"},{\"@type\":\"ListItem\",\"position\":2,\"name\":\"Domaine Bois de La Gineste\"}]},{\"@type\":\"WebSite\",\"@id\":\"https:\\\/\\\/keiler.fr\\\/da\\\/#website\",\"url\":\"https:\\\/\\\/keiler.fr\\\/da\\\/\",\"name\":\"Keiler.fr\",\"description\":\"Exclusive wild boar hunting\",\"publisher\":{\"@id\":\"https:\\\/\\\/keiler.fr\\\/da\\\/#organization\"},\"potentialAction\":[{\"@type\":\"SearchAction\",\"target\":{\"@type\":\"EntryPoint\",\"urlTemplate\":\"https:\\\/\\\/keiler.fr\\\/da\\\/?s={search_term_string}\"},\"query-input\":{\"@type\":\"PropertyValueSpecification\",\"valueRequired\":true,\"valueName\":\"search_term_string\"}}],\"inLanguage\":\"da-DK\"},{\"@type\":\"Organization\",\"@id\":\"https:\\\/\\\/keiler.fr\\\/da\\\/#organization\",\"name\":\"Keiler.fr\",\"url\":\"https:\\\/\\\/keiler.fr\\\/da\\\/\",\"logo\":{\"@type\":\"ImageObject\",\"inLanguage\":\"da-DK\",\"@id\":\"https:\\\/\\\/keiler.fr\\\/da\\\/#\\\/schema\\\/logo\\\/image\\\/\",\"url\":\"https:\\\/\\\/keiler.fr\\\/wp-content\\\/uploads\\\/2018\\\/10\\\/cropped-rifle-hunting.png\",\"contentUrl\":\"https:\\\/\\\/keiler.fr\\\/wp-content\\\/uploads\\\/2018\\\/10\\\/cropped-rifle-hunting.png\",\"width\":512,\"height\":512,\"caption\":\"Keiler.fr\"},\"image\":{\"@id\":\"https:\\\/\\\/keiler.fr\\\/da\\\/#\\\/schema\\\/logo\\\/image\\\/\"}}]}<\/script>\n<!-- \/ Yoast SEO plugin. -->","yoast_head_json":{"title":"Eksklusiv vildsvinejagt, kronvildt og d\u00e5vildt hos Domaine Bois de la Gineste","description":"Domaine Bois de la Gineste tilbyder helt enest\u00e5ende muligheder for at nedl\u00e6gge store keilere. Der nedl\u00e6gges hvert \u00e5r adskillige medaljetrof\u00e6er \u2013 b\u00e5de guld, s\u00f8lv og bronzetrof\u00e6er.","robots":{"index":"index","follow":"follow","max-snippet":"max-snippet:-1","max-image-preview":"max-image-preview:large","max-video-preview":"max-video-preview:-1"},"canonical":"https:\/\/keiler.fr\/da\/","og_locale":"da_DK","og_type":"article","og_title":"Eksklusiv vildsvinejagt, kronvildt og d\u00e5vildt hos Domaine Bois de la Gineste","og_description":"Domaine Bois de la Gineste tilbyder helt enest\u00e5ende muligheder for at nedl\u00e6gge store keilere. Der nedl\u00e6gges hvert \u00e5r adskillige medaljetrof\u00e6er \u2013 b\u00e5de guld, s\u00f8lv og bronzetrof\u00e6er.","og_url":"https:\/\/keiler.fr\/da\/","og_site_name":"Keiler.fr","article_modified_time":"2018-12-18T22:16:24+00:00","og_image":[{"width":1200,"height":800,"url":"https:\/\/keiler.fr\/wp-content\/uploads\/2018\/11\/exclusive-wild-boar-hunting-1.jpg","type":"image\/jpeg"}],"twitter_card":"summary_large_image","twitter_misc":{"Estimeret l\u00e6setid":"3 minutter"},"schema":{"@context":"https:\/\/schema.org","@graph":[{"@type":"WebPage","@id":"https:\/\/keiler.fr\/da\/","url":"https:\/\/keiler.fr\/da\/","name":"Eksklusiv vildsvinejagt, kronvildt og d\u00e5vildt hos Domaine Bois de la Gineste","isPartOf":{"@id":"https:\/\/keiler.fr\/da\/#website"},"primaryImageOfPage":{"@id":"https:\/\/keiler.fr\/da\/#primaryimage"},"image":{"@id":"https:\/\/keiler.fr\/da\/#primaryimage"},"thumbnailUrl":"https:\/\/keiler.fr\/wp-content\/uploads\/2018\/11\/exclusive-wild-boar-hunting-1.jpg","datePublished":"2018-10-12T09:41:57+00:00","dateModified":"2018-12-18T22:16:24+00:00","description":"Domaine Bois de la Gineste tilbyder helt enest\u00e5ende muligheder for at nedl\u00e6gge store keilere. Der nedl\u00e6gges hvert \u00e5r adskillige medaljetrof\u00e6er \u2013 b\u00e5de guld, s\u00f8lv og bronzetrof\u00e6er.","breadcrumb":{"@id":"https:\/\/keiler.fr\/da\/#breadcrumb"},"inLanguage":"da-DK","potentialAction":[{"@type":"ReadAction","target":["https:\/\/keiler.fr\/da\/"]}]},{"@type":"ImageObject","inLanguage":"da-DK","@id":"https:\/\/keiler.fr\/da\/#primaryimage","url":"https:\/\/keiler.fr\/wp-content\/uploads\/2018\/11\/exclusive-wild-boar-hunting-1.jpg","contentUrl":"https:\/\/keiler.fr\/wp-content\/uploads\/2018\/11\/exclusive-wild-boar-hunting-1.jpg","width":1200,"height":800,"caption":"Exclusive wild boar, red stag and fallow dear stag hunting"},{"@type":"BreadcrumbList","@id":"https:\/\/keiler.fr\/da\/#breadcrumb","itemListElement":[{"@type":"ListItem","position":1,"name":"Keiler.fr","item":"https:\/\/keiler.fr\/da\/"},{"@type":"ListItem","position":2,"name":"Domaine Bois de La Gineste"}]},{"@type":"WebSite","@id":"https:\/\/keiler.fr\/da\/#website","url":"https:\/\/keiler.fr\/da\/","name":"Keiler.fr","description":"Exclusive wild boar hunting","publisher":{"@id":"https:\/\/keiler.fr\/da\/#organization"},"potentialAction":[{"@type":"SearchAction","target":{"@type":"EntryPoint","urlTemplate":"https:\/\/keiler.fr\/da\/?s={search_term_string}"},"query-input":{"@type":"PropertyValueSpecification","valueRequired":true,"valueName":"search_term_string"}}],"inLanguage":"da-DK"},{"@type":"Organization","@id":"https:\/\/keiler.fr\/da\/#organization","name":"Keiler.fr","url":"https:\/\/keiler.fr\/da\/","logo":{"@type":"ImageObject","inLanguage":"da-DK","@id":"https:\/\/keiler.fr\/da\/#\/schema\/logo\/image\/","url":"https:\/\/keiler.fr\/wp-content\/uploads\/2018\/10\/cropped-rifle-hunting.png","contentUrl":"https:\/\/keiler.fr\/wp-content\/uploads\/2018\/10\/cropped-rifle-hunting.png","width":512,"height":512,"caption":"Keiler.fr"},"image":{"@id":"https:\/\/keiler.fr\/da\/#\/schema\/logo\/image\/"}}]}},"_links":{"self":[{"href":"https:\/\/keiler.fr\/da\/wp-json\/wp\/v2\/pages\/1390","targetHints":{"allow":["GET"]}}],"collection":[{"href":"https:\/\/keiler.fr\/da\/wp-json\/wp\/v2\/pages"}],"about":[{"href":"https:\/\/keiler.fr\/da\/wp-json\/wp\/v2\/types\/page"}],"author":[{"embeddable":true,"href":"https:\/\/keiler.fr\/da\/wp-json\/wp\/v2\/users\/2"}],"replies":[{"embeddable":true,"href":"https:\/\/keiler.fr\/da\/wp-json\/wp\/v2\/comments?post=1390"}],"version-history":[{"count":5,"href":"https:\/\/keiler.fr\/da\/wp-json\/wp\/v2\/pages\/1390\/revisions"}],"predecessor-version":[{"id":1497,"href":"https:\/\/keiler.fr\/da\/wp-json\/wp\/v2\/pages\/1390\/revisions\/1497"}],"wp:featuredmedia":[{"embeddable":true,"href":"https:\/\/keiler.fr\/da\/wp-json\/wp\/v2\/media\/1269"}],"wp:attachment":[{"href":"https:\/\/keiler.fr\/da\/wp-json\/wp\/v2\/media?parent=1390"}],"curies":[{"name":"wp","href":"https:\/\/api.w.org\/{rel}","templated":true}]}}